{"id":44,"date":"2015-04-14T16:48:42","date_gmt":"2015-04-14T14:48:42","guid":{"rendered":"http:\/\/www.hygeo.it\/wordpress\/?page_id=44"},"modified":"2024-05-03T13:04:25","modified_gmt":"2024-05-03T11:04:25","slug":"chi-siamo","status":"publish","type":"page","link":"https:\/\/www.hygeo.it\/wordpress\/?page_id=44","title":{"rendered":"Chi Siamo"},"content":{"rendered":"<h6 style=\"text-align: justify;\"><span style=\"color: #333333;\">HYGEO Societ\u00e0 Cooperativa nasce nel 1996 unendo le competenze di Arturo Tedeschi e Graziano Maffei, due imprenditori accomunati dalla condivisione di valori etici e professionali, il cui impegno e passione vennero coniugati per offrire un servizio ispirato all\u2019eccellenza.<\/span><\/h6>\n<h6 style=\"text-align: justify;\"><span style=\"color: #333333;\">Da questa comunione di valori si \u00e8 sviluppata negli anni una delle aziende leader nell\u2019area piemontese nel settore dei servizi generali d\u2019impresa.<\/span><\/h6>\n<h6 style=\"text-align: justify;\"><span style=\"color: #333333;\">Il nostro marchio registrato HYGEO identifica un metodo integrato per la progettazione, programmazione, gestione ed erogazione di servizi di pulizia civile e industriale e di servizi alberghieri.<\/span><\/h6>\n<h6 style=\"text-align: justify;\"><span style=\"color: #333333;\">HYGEO vanta un organico composto da oltre 130 unit\u00e0, stabilmente impiegate e tipicamente assegnate costantemente agli stessi clienti, per offrire un servizio continuativo e consapevole delle caratteristiche della realt\u00e0 dei clienti assegnati.<\/span><\/h6>\n<h6 style=\"text-align: justify;\"><span style=\"color: #333333;\">Tutto il personale \u00e8 qualificato sulla base di esperienza e formazione continua per le attivit\u00e0 da svolgere, inquadrato secondo i requisiti prescritti dalle normative in materia di contrattazione collettiva, ed in osservanza degli obblighi retributivi, contributivi e previdenziali, con forte attenzione a tutte le normative in materia di salute e sicurezza sul lavoro.<\/span><\/h6>\n<h6 style=\"text-align: justify;\"><span style=\"color: #333333;\">HYGEO Societ\u00e0 Cooperativa ha deciso da anni di adottare i principi contenuti in una serie di norme volontarie (qualit\u00e0 ISO 9001, ambiente ISO 14001, sicurezza ISO 45001, responsabilit\u00e0 sociale SA8000) per porsi sul mercato con un livello di servizio qualificato e riconoscibile da enti terzi indipendenti.<\/span><\/h6>\n","protected":false},"excerpt":{"rendered":"<p>HYGEO Societ\u00e0 Cooperativa nasce nel 1996 unendo le competenze di Arturo Tedeschi e Graziano Maffei, due imprenditori accomunati dalla condivisione di valori etici e professionali, il cui impegno e passione vennero coniugati per offrire un servizio ispirato all\u2019eccellenza. Da questa comunione di valori si \u00e8 sviluppata negli anni una delle aziende leader nell\u2019area piemontese nel settore dei servizi generali d\u2019impresa. Il nostro marchio registrato HYGEO identifica un metodo integrato per la progettazione, programmazione, gestione ed erogazione di servizi di pulizia civile e industriale e di servizi alberghieri. HYGEO vanta un organico composto da oltre 130 unit\u00e0, stabilmente impiegate e tipicamente [&hellip;]<\/p>\n","protected":false},"author":1,"featured_media":49,"parent":0,"menu_order":0,"comment_status":"open","ping_status":"open","template":"","meta":{"footnotes":""},"_links":{"self":[{"href":"https:\/\/www.hygeo.it\/wordpress\/index.php?rest_route=\/wp\/v2\/pages\/44"}],"collection":[{"href":"https:\/\/www.hygeo.it\/wordpress\/index.php?rest_route=\/wp\/v2\/pages"}],"about":[{"href":"https:\/\/www.hygeo.it\/wordpress\/index.php?rest_route=\/wp\/v2\/types\/page"}],"author":[{"embeddable":true,"href":"https:\/\/www.hygeo.it\/wordpress\/index.php?rest_route=\/wp\/v2\/users\/1"}],"replies":[{"embeddable":true,"href":"https:\/\/www.hygeo.it\/wordpress\/index.php?rest_route=%2Fwp%2Fv2%2Fcomments&post=44"}],"version-history":[{"count":7,"href":"https:\/\/www.hygeo.it\/wordpress\/index.php?rest_route=\/wp\/v2\/pages\/44\/revisions"}],"predecessor-version":[{"id":520,"href":"https:\/\/www.hygeo.it\/wordpress\/index.php?rest_route=\/wp\/v2\/pages\/44\/revisions\/520"}],"wp:featuredmedia":[{"embeddable":true,"href":"https:\/\/www.hygeo.it\/wordpress\/index.php?rest_route=\/wp\/v2\/media\/49"}],"wp:attachment":[{"href":"https:\/\/www.hygeo.it\/wordpress\/index.php?rest_route=%2Fwp%2Fv2%2Fmedia&parent=44"}],"curies":[{"name":"wp","href":"https:\/\/api.w.org\/{rel}","templated":true}]}}