{"id":5,"date":"2016-02-15T13:04:42","date_gmt":"2016-02-15T12:04:42","guid":{"rendered":"http:\/\/www.hygeo.it\/fr\/?page_id=5"},"modified":"2016-02-15T13:52:28","modified_gmt":"2016-02-15T12:52:28","slug":"presentation","status":"publish","type":"page","link":"https:\/\/www.hygeo.it\/fr\/index.php\/presentation\/","title":{"rendered":"Pr\u00e9sentation"},"content":{"rendered":"<h6 style=\"text-align: justify;\"><span style=\"color: #333333;\"> TEMA Societ\u00e0 Cooperativa a \u00e9t\u00e9 fond\u00e9e en 1996, fruit de l\u2019association des comp\u00e9tences d\u2019Arturo Tedeschi et de Graziano Maffei, deux entrepreneurs partageant des valeurs \u00e9thiques et professionnelles, dont l\u2019engagement et la passion se sont conjugu\u00e9s pour offrir un service visant \u00e0 l\u2019excellence.<\/span><\/h6>\n<h6 style=\"text-align: justify;\"><span style=\"color: #333333;\"><br \/>\nC\u2019est \u00e0 partir de cette communaut\u00e9 de valeurs que s\u2019est d\u00e9velopp\u00e9e, au fil du temps, l\u2019une des entreprises leader, dans le Pi\u00e9mont, dans le secteur des services g\u00e9n\u00e9raux pour les entreprises, qui se pr\u00e9sente sur le march\u00e9 en synergie avec sa soci\u00e9t\u00e9 partenaire HYGEO Srl, dont la marque a \u00e9t\u00e9 cr\u00e9\u00e9e pour pr\u00e9senter une m\u00e9thode int\u00e9gr\u00e9e de conception, programmation, gestion et fourniture de services de nettoyage civil et industriel et de services pour l\u2019h\u00f4tellerie.<\/span><\/h6>\n<h6 style=\"text-align: justify;\"><span style=\"color: #333333;\"><br \/>\nTEMA &amp; HYGEO comptent plus de 130 salari\u00e9s, des employ\u00e9s stables et d\u00e9di\u00e9s g\u00e9n\u00e9ralement toujours aux m\u00eames clients, en vue d\u2019offrir un service continu et attentif aux caract\u00e9ristiques des exigences des clients assign\u00e9s.<br \/>\nTout le personnel est qualifi\u00e9, en termes d\u2019exp\u00e9rience et de formation continue, par rapport aux activit\u00e9s \u00e0 effectuer et encadr\u00e9 conform\u00e9ment aux crit\u00e8res inscrits dans les r\u00e8glementations en mati\u00e8re de convention collective et dans le respect des obligations pr\u00e9vues pour les r\u00e9mun\u00e9rations, les cotisations et la pr\u00e9voyance, avec une grande attention \u00e0 toutes les r\u00e9glementations en mati\u00e8re de sant\u00e9 et de s\u00e9curit\u00e9 au travail.<\/span><\/h6>\n<h6 style=\"text-align: justify;\"><span style=\"color: #333333;\"><br \/>\nTEMA Societ\u00e0 Cooperativa a d\u00e9cid\u00e9 depuis des ann\u00e9es d\u2019adopter les principes figurant dans une s\u00e9rie de normes volontaires (qualit\u00e9 ISO 9001, environnement ISO 14001, s\u00e9curit\u00e9 OHSAS 18001 et \u00e9thique SA8000) pour se pr\u00e9senter sur le march\u00e9 avec un niveau de service qualifi\u00e9 et reconnu par des organismes tiers ind\u00e9pendants.<\/span><\/h6>\n","protected":false},"excerpt":{"rendered":"<p>TEMA Societ\u00e0 Cooperativa a \u00e9t\u00e9 fond\u00e9e en 1996, fruit de l\u2019association des comp\u00e9tences d\u2019Arturo Tedeschi et de Graziano Maffei, deux entrepreneurs partageant des valeurs \u00e9thiques et professionnelles, dont l\u2019engagement et la passion se sont conjugu\u00e9s pour offrir un service visant \u00e0 l\u2019excellence. C\u2019est \u00e0 partir de cette communaut\u00e9 de valeurs que s\u2019est d\u00e9velopp\u00e9e, au fil du temps, l\u2019une des entreprises leader, dans le Pi\u00e9mont, dans le secteur des services g\u00e9n\u00e9raux pour les entreprises, qui se pr\u00e9sente sur le march\u00e9 en synergie avec sa soci\u00e9t\u00e9 partenaire HYGEO Srl, dont la marque a \u00e9t\u00e9 cr\u00e9\u00e9e pour pr\u00e9senter une m\u00e9thode int\u00e9gr\u00e9e de conception, [&hellip;]<\/p>\n","protected":false},"author":1,"featured_media":7,"parent":0,"menu_order":0,"comment_status":"closed","ping_status":"closed","template":"","meta":{"footnotes":""},"_links":{"self":[{"href":"https:\/\/www.hygeo.it\/fr\/index.php\/wp-json\/wp\/v2\/pages\/5"}],"collection":[{"href":"https:\/\/www.hygeo.it\/fr\/index.php\/wp-json\/wp\/v2\/pages"}],"about":[{"href":"https:\/\/www.hygeo.it\/fr\/index.php\/wp-json\/wp\/v2\/types\/page"}],"author":[{"embeddable":true,"href":"https:\/\/www.hygeo.it\/fr\/index.php\/wp-json\/wp\/v2\/users\/1"}],"replies":[{"embeddable":true,"href":"https:\/\/www.hygeo.it\/fr\/index.php\/wp-json\/wp\/v2\/comments?post=5"}],"version-history":[{"count":3,"href":"https:\/\/www.hygeo.it\/fr\/index.php\/wp-json\/wp\/v2\/pages\/5\/revisions"}],"predecessor-version":[{"id":44,"href":"https:\/\/www.hygeo.it\/fr\/index.php\/wp-json\/wp\/v2\/pages\/5\/revisions\/44"}],"wp:featuredmedia":[{"embeddable":true,"href":"https:\/\/www.hygeo.it\/fr\/index.php\/wp-json\/wp\/v2\/media\/7"}],"wp:attachment":[{"href":"https:\/\/www.hygeo.it\/fr\/index.php\/wp-json\/wp\/v2\/media?parent=5"}],"curies":[{"name":"wp","href":"https:\/\/api.w.org\/{rel}","templated":true}]}}