{"id":20,"date":"2016-02-15T13:18:16","date_gmt":"2016-02-15T12:18:16","guid":{"rendered":"http:\/\/www.hygeo.it\/fr\/?page_id=20"},"modified":"2020-06-05T12:01:26","modified_gmt":"2020-06-05T10:01:26","slug":"nos-services","status":"publish","type":"page","link":"https:\/\/www.hygeo.it\/fr\/index.php\/nos-services\/","title":{"rendered":"Nos Services"},"content":{"rendered":"<h6><strong> La m\u00e9thode int\u00e9gr\u00e9e portant la marque HYGEO\u00ae\u00a0dont TEMA est seule d\u00e9tentrice de la licence d\u2019exploitation est un syst\u00e8me de conception, programmation, gestion et fourniture de services dans le domaine civil, industriel et h\u00f4telier. <\/strong><\/h6>\n<h6><strong> Les services que nous offrons\u00a0: <\/strong><\/h6>\n<p>&nbsp;<\/p>\n<ul>\n<li>\n<h6>Nettoyage de bureaux<\/h6>\n<\/li>\n<li>\n<h6>Assainissement et d\u00e9sinfection de bureaux<\/h6>\n<\/li>\n<li>\n<h6>Assainissement de l&#8217;environnement avec n\u00e9buliseur ULV (Ultra Light Volume)<\/h6>\n<\/li>\n<li>\n<h6>Nettoyage de vitres avec des syst\u00e8mes avanc\u00e9s \u00e0 osmose inverse, sans produits chimiques<\/h6>\n<\/li>\n<li>\n<h6>Nettoyage industriel de grandes superficies avec des machines sp\u00e9cifiques<\/h6>\n<\/li>\n<li>\n<h6>Nettoyage de chambres blanches\/chambres st\u00e9riles dans toutes les classes ISO<\/h6>\n<\/li>\n<li>\n<h6>Nettoyages techniques de sites<\/h6>\n<\/li>\n<li>\n<h6>Hygi\u00e9nisation de chambres froides<\/h6>\n<\/li>\n<li>\n<h6>Service personnel h\u00f4telier<\/h6>\n<\/li>\n<li>\n<h6>Services de r\u00e9ception et conciergerie<\/h6>\n<\/li>\n<li>\n<h6>Entretien d\u2019espaces ext\u00e9rieurs avec taille de l\u2019herbe<\/h6>\n<\/li>\n<li>\n<h6>Emballage et logistique en bout de ligne<\/h6>\n<\/li>\n<\/ul>\n<h6><\/h6>\n<p>&nbsp;<\/p>\n<h6><strong> Les contextes dans lesquels nous travaillons\u00a0: <\/strong><\/h6>\n<p>&nbsp;<\/p>\n<ul>\n<li>\n<h6>Organismes publics et priv\u00e9s (bureaux, laboratoires, locaux commerciaux)<\/h6>\n<\/li>\n<li>\n<h6>\u00c9tablissements industriels manufacturiers<\/h6>\n<\/li>\n<li>\n<h6>Industrie alimentaire<\/h6>\n<\/li>\n<li>\n<h6>Industrie m\u00e9dicale et pharmaceutique<\/h6>\n<\/li>\n<li>\n<h6>\u00c9tablissements hospitaliers, maisons de soins, maisons de retraite<\/h6>\n<\/li>\n<li>\n<h6>Banques<\/h6>\n<\/li>\n<li>\n<h6>H\u00f4tels<\/h6>\n<\/li>\n<li>\n<h6>Cabinets professionnels<\/h6>\n<\/li>\n<\/ul>\n","protected":false},"excerpt":{"rendered":"<p>La m\u00e9thode int\u00e9gr\u00e9e portant la marque HYGEO\u00ae\u00a0dont TEMA est seule d\u00e9tentrice de la licence d\u2019exploitation est un syst\u00e8me de conception, programmation, gestion et fourniture de services dans le domaine civil, industriel et h\u00f4telier. Les services que nous offrons\u00a0: &nbsp; Nettoyage de bureaux Assainissement et d\u00e9sinfection de bureaux Assainissement de l&#8217;environnement avec n\u00e9buliseur ULV (Ultra Light Volume) Nettoyage de vitres avec des syst\u00e8mes avanc\u00e9s \u00e0 osmose inverse, sans produits chimiques Nettoyage industriel de grandes superficies avec des machines sp\u00e9cifiques Nettoyage de chambres blanches\/chambres st\u00e9riles dans toutes les classes ISO Nettoyages techniques de sites Hygi\u00e9nisation de chambres froides Service personnel h\u00f4telier Services [&hellip;]<\/p>\n","protected":false},"author":1,"featured_media":21,"parent":0,"menu_order":0,"comment_status":"closed","ping_status":"closed","template":"","meta":{"footnotes":""},"_links":{"self":[{"href":"https:\/\/www.hygeo.it\/fr\/index.php\/wp-json\/wp\/v2\/pages\/20"}],"collection":[{"href":"https:\/\/www.hygeo.it\/fr\/index.php\/wp-json\/wp\/v2\/pages"}],"about":[{"href":"https:\/\/www.hygeo.it\/fr\/index.php\/wp-json\/wp\/v2\/types\/page"}],"author":[{"embeddable":true,"href":"https:\/\/www.hygeo.it\/fr\/index.php\/wp-json\/wp\/v2\/users\/1"}],"replies":[{"embeddable":true,"href":"https:\/\/www.hygeo.it\/fr\/index.php\/wp-json\/wp\/v2\/comments?post=20"}],"version-history":[{"count":3,"href":"https:\/\/www.hygeo.it\/fr\/index.php\/wp-json\/wp\/v2\/pages\/20\/revisions"}],"predecessor-version":[{"id":90,"href":"https:\/\/www.hygeo.it\/fr\/index.php\/wp-json\/wp\/v2\/pages\/20\/revisions\/90"}],"wp:featuredmedia":[{"embeddable":true,"href":"https:\/\/www.hygeo.it\/fr\/index.php\/wp-json\/wp\/v2\/media\/21"}],"wp:attachment":[{"href":"https:\/\/www.hygeo.it\/fr\/index.php\/wp-json\/wp\/v2\/media?parent=20"}],"curies":[{"name":"wp","href":"https:\/\/api.w.org\/{rel}","templated":true}]}}